{"id":812,"date":"2018-03-07T14:30:39","date_gmt":"2018-03-07T14:30:39","guid":{"rendered":"http:\/\/journo.edge-themes.com\/?page_id=812"},"modified":"2026-01-29T13:55:18","modified_gmt":"2026-01-29T12:55:18","slug":"ueber-uns","status":"publish","type":"page","link":"https:\/\/forum.schreiner-group.com\/de\/ueber-uns\/","title":{"rendered":"\u00fcber-uns"},"content":{"rendered":"<section class=\"wpb-content-wrapper\"><p>[vc_row full_width=&#8220;stretch_row_content_no_spaces&#8220; content_placement=&#8220;top&#8220; parallax_background_image=&#8220;5751&#8243;][vc_column][vc_empty_space height=&#8220;615px&#8220;][\/vc_column][\/vc_row][vc_row row_content_width=&#8220;grid&#8220; css=&#8220;.vc_custom_1594671742878{margin-top: -200px !important;background-color: #ffffff !important;}&#8220;][vc_column][vc_custom_heading text=&#8220;Schreiner Group \u2013 Innovative labels.<br \/>\nSmart solutions.&#8220; font_container=&#8220;tag:h1|text_align:center&#8220; use_theme_fonts=&#8220;yes&#8220;][\/vc_column][\/vc_row][vc_row row_content_width=&#8220;grid&#8220; css=&#8220;.vc_custom_1594890283223{padding-right: 3% !important;padding-left: 3% !important;}&#8220;][vc_column][vc_column_text]Die Schreiner Group GmbH &amp; Co. KG ist ein international t\u00e4tiges deutsches Familienunternehmen und gilt als bevorzugter Partner in den M\u00e4rkten Healthcare, Mobility und General Industry. Ihr Kerngesch\u00e4ft sind Funktionslabels in Top-Qualit\u00e4t, die um erg\u00e4nzende Systeml\u00f6sungen und Dienstleistungen angereichert werden. Die innovativen Hightech-Labels und Funktionsteile der Schreiner Group erm\u00f6glichen smarte L\u00f6sungen und helfen, das Leben ein St\u00fcck ges\u00fcnder, mobiler und sicherer zu machen.[\/vc_column_text][vc_empty_space height=&#8220;25px&#8220;][vc_video link=&#8220;https:\/\/www.youtube.com\/watch?v=N5tYXl44vdQ&#8220;][vc_empty_space height=&#8220;25px&#8220;][vc_column_text]Insgesamt erwirtschaften ca. 1.300 Mitarbeiter einen Jahresumsatz von ca. 220 Millionen Euro. Das Hightech Unternehmen verf\u00fcgt \u00fcber vier Standorte: Dazu z\u00e4hlen neben dem Hauptsitz in Oberschlei\u00dfheim sowie einem weiteren Produktionsstandort in der Metropolregion M\u00fcnchen (Dorfen) die beiden internationalen Produktionsst\u00e4tten in den USA (Blauvelt, New York) und in China (Jinshan, Shanghai).[\/vc_column_text][vc_row_inner css=&#8220;.vc_custom_1594890520307{padding-top: 3% !important;padding-bottom: 3% !important;}&#8220;][vc_column_inner width=&#8220;1\/3&#8243;][vc_single_image image=&#8220;5969&#8243; alignment=&#8220;center&#8220;][\/vc_column_inner][vc_column_inner width=&#8220;1\/3&#8243;][vc_single_image image=&#8220;11115&#8243; alignment=&#8220;center&#8220;][\/vc_column_inner][vc_column_inner width=&#8220;1\/3&#8243;][vc_single_image image=&#8220;12759&#8243; alignment=&#8220;center&#8220;][\/vc_column_inner][\/vc_row_inner][vc_column_text]Das Miteinander ist gepr\u00e4gt durch die Unternehmenswerte Innovation, Qualit\u00e4t, Leistungskraft und Freude. Die Schreiner Group versteht sich als nachhaltig agierendes Unternehmen und \u00fcbernimmt daher bewusst Verantwortung f\u00fcr Mensch, Umwelt und Gesellschaft.<\/p>\n<p>Mehr Informationen zur Schreiner Group finden Sie in unserem <a href=\"https:\/\/www.schreiner-group.com\/de\/unternehmen\/ueber-uns\/unternehmensprofil\/\" target=\"_blank\" rel=\"noopener\">Unternehmensprofil<\/a>.[\/vc_column_text][\/vc_column][\/vc_row]<\/p>\n<\/section>","protected":false},"excerpt":{"rendered":"<p>[vc_row full_width=&#8220;stretch_row_content_no_spaces&#8220; content_placement=&#8220;top&#8220; parallax_background_image=&#8220;5751&#8243;][vc_column][vc_empty_space height=&#8220;615px&#8220;][\/vc_column][\/vc_row][vc_row row_content_width=&#8220;grid&#8220; css=&#8220;.vc_custom_1594671742878{margin-top: -200px !important;background-color: #ffffff !important;}&#8220;][vc_column][vc_custom_heading text=&#8220;Schreiner Group \u2013 Innovative labels. Smart solutions.&#8220; font_container=&#8220;tag:h1|text_align:center&#8220; use_theme_fonts=&#8220;yes&#8220;][\/vc_column][\/vc_row][vc_row row_content_width=&#8220;grid&#8220; css=&#8220;.vc_custom_1594890283223{padding-right: 3% !important;padding-left: 3% !important;}&#8220;][vc_column][vc_column_text]Die Schreiner Group GmbH &amp; Co. KG ist ein international t\u00e4tiges deutsches Familienunternehmen und gilt [&hellip;]<\/p>\n","protected":false},"author":1,"featured_media":0,"parent":0,"menu_order":0,"comment_status":"closed","ping_status":"closed","template":"full-width.php","meta":{"inline_featured_image":false,"footnotes":""},"class_list":["post-812","page","type-page","status-publish","hentry"],"yoast_head":"<!-- This site is optimized with the Yoast SEO plugin v23.9 - https:\/\/yoast.com\/wordpress\/plugins\/seo\/ -->\n<title>\u00fcber-uns - Schreiner Group Forum<\/title>\n<meta name=\"robots\" content=\"index, follow, max-snippet:-1, max-image-preview:large, max-video-preview:-1\" \/>\n<link rel=\"canonical\" href=\"https:\/\/forum.schreiner-group.com\/de\/ueber-uns\/\" \/>\n<meta property=\"og:locale\" content=\"de_DE\" \/>\n<meta property=\"og:type\" content=\"article\" \/>\n<meta property=\"og:title\" content=\"\u00fcber-uns - Schreiner Group Forum\" \/>\n<meta property=\"og:description\" content=\"[vc_row full_width=&#8220;stretch_row_content_no_spaces&#8220; content_placement=&#8220;top&#8220; parallax_background_image=&#8220;5751&#8243;][vc_column][vc_empty_space height=&#8220;615px&#8220;][\/vc_column][\/vc_row][vc_row row_content_width=&#8220;grid&#8220; css=&#8220;.vc_custom_1594671742878{margin-top: -200px !important;background-color: #ffffff !important;}&#8220;][vc_column][vc_custom_heading text=&#8220;Schreiner Group \u2013 Innovative labels. Smart solutions.&#8220; font_container=&#8220;tag:h1|text_align:center&#8220; use_theme_fonts=&#8220;yes&#8220;][\/vc_column][\/vc_row][vc_row row_content_width=&#8220;grid&#8220; css=&#8220;.vc_custom_1594890283223{padding-right: 3% !important;padding-left: 3% !important;}&#8220;][vc_column][vc_column_text]Die Schreiner Group GmbH &amp; Co. KG ist ein international t\u00e4tiges deutsches Familienunternehmen und gilt [&hellip;]\" \/>\n<meta property=\"og:url\" content=\"https:\/\/forum.schreiner-group.com\/de\/ueber-uns\/\" \/>\n<meta property=\"og:site_name\" content=\"Schreiner Group Forum\" \/>\n<meta property=\"article:modified_time\" content=\"2026-01-29T12:55:18+00:00\" \/>\n<meta name=\"twitter:card\" content=\"summary_large_image\" \/>\n<meta name=\"twitter:label1\" content=\"Gesch\u00e4tzte Lesezeit\" \/>\n\t<meta name=\"twitter:data1\" content=\"2\u00a0Minuten\" \/>\n<script type=\"application\/ld+json\" class=\"yoast-schema-graph\">{\"@context\":\"https:\/\/schema.org\",\"@graph\":[{\"@type\":\"WebPage\",\"@id\":\"https:\/\/forum.schreiner-group.com\/de\/ueber-uns\/\",\"url\":\"https:\/\/forum.schreiner-group.com\/de\/ueber-uns\/\",\"name\":\"\u00fcber-uns - Schreiner Group Forum\",\"isPartOf\":{\"@id\":\"https:\/\/forum.schreiner-group.com\/de\/#website\"},\"datePublished\":\"2018-03-07T14:30:39+00:00\",\"dateModified\":\"2026-01-29T12:55:18+00:00\",\"breadcrumb\":{\"@id\":\"https:\/\/forum.schreiner-group.com\/de\/ueber-uns\/#breadcrumb\"},\"inLanguage\":\"de\",\"potentialAction\":[{\"@type\":\"ReadAction\",\"target\":[\"https:\/\/forum.schreiner-group.com\/de\/ueber-uns\/\"]}]},{\"@type\":\"BreadcrumbList\",\"@id\":\"https:\/\/forum.schreiner-group.com\/de\/ueber-uns\/#breadcrumb\",\"itemListElement\":[{\"@type\":\"ListItem\",\"position\":1,\"name\":\"Startseite\",\"item\":\"https:\/\/forum.schreiner-group.com\/de\/\"},{\"@type\":\"ListItem\",\"position\":2,\"name\":\"\u00fcber-uns\"}]},{\"@type\":\"WebSite\",\"@id\":\"https:\/\/forum.schreiner-group.com\/de\/#website\",\"url\":\"https:\/\/forum.schreiner-group.com\/de\/\",\"name\":\"Schreiner Group Forum\",\"description\":\"\",\"potentialAction\":[{\"@type\":\"SearchAction\",\"target\":{\"@type\":\"EntryPoint\",\"urlTemplate\":\"https:\/\/forum.schreiner-group.com\/de\/?s={search_term_string}\"},\"query-input\":{\"@type\":\"PropertyValueSpecification\",\"valueRequired\":true,\"valueName\":\"search_term_string\"}}],\"inLanguage\":\"de\"}]}<\/script>\n<!-- \/ Yoast SEO plugin. -->","yoast_head_json":{"title":"\u00fcber-uns - Schreiner Group Forum","robots":{"index":"index","follow":"follow","max-snippet":"max-snippet:-1","max-image-preview":"max-image-preview:large","max-video-preview":"max-video-preview:-1"},"canonical":"https:\/\/forum.schreiner-group.com\/de\/ueber-uns\/","og_locale":"de_DE","og_type":"article","og_title":"\u00fcber-uns - Schreiner Group Forum","og_description":"[vc_row full_width=&#8220;stretch_row_content_no_spaces&#8220; content_placement=&#8220;top&#8220; parallax_background_image=&#8220;5751&#8243;][vc_column][vc_empty_space height=&#8220;615px&#8220;][\/vc_column][\/vc_row][vc_row row_content_width=&#8220;grid&#8220; css=&#8220;.vc_custom_1594671742878{margin-top: -200px !important;background-color: #ffffff !important;}&#8220;][vc_column][vc_custom_heading text=&#8220;Schreiner Group \u2013 Innovative labels. Smart solutions.&#8220; font_container=&#8220;tag:h1|text_align:center&#8220; use_theme_fonts=&#8220;yes&#8220;][\/vc_column][\/vc_row][vc_row row_content_width=&#8220;grid&#8220; css=&#8220;.vc_custom_1594890283223{padding-right: 3% !important;padding-left: 3% !important;}&#8220;][vc_column][vc_column_text]Die Schreiner Group GmbH &amp; Co. KG ist ein international t\u00e4tiges deutsches Familienunternehmen und gilt [&hellip;]","og_url":"https:\/\/forum.schreiner-group.com\/de\/ueber-uns\/","og_site_name":"Schreiner Group Forum","article_modified_time":"2026-01-29T12:55:18+00:00","twitter_card":"summary_large_image","twitter_misc":{"Gesch\u00e4tzte Lesezeit":"2\u00a0Minuten"},"schema":{"@context":"https:\/\/schema.org","@graph":[{"@type":"WebPage","@id":"https:\/\/forum.schreiner-group.com\/de\/ueber-uns\/","url":"https:\/\/forum.schreiner-group.com\/de\/ueber-uns\/","name":"\u00fcber-uns - Schreiner Group Forum","isPartOf":{"@id":"https:\/\/forum.schreiner-group.com\/de\/#website"},"datePublished":"2018-03-07T14:30:39+00:00","dateModified":"2026-01-29T12:55:18+00:00","breadcrumb":{"@id":"https:\/\/forum.schreiner-group.com\/de\/ueber-uns\/#breadcrumb"},"inLanguage":"de","potentialAction":[{"@type":"ReadAction","target":["https:\/\/forum.schreiner-group.com\/de\/ueber-uns\/"]}]},{"@type":"BreadcrumbList","@id":"https:\/\/forum.schreiner-group.com\/de\/ueber-uns\/#breadcrumb","itemListElement":[{"@type":"ListItem","position":1,"name":"Startseite","item":"https:\/\/forum.schreiner-group.com\/de\/"},{"@type":"ListItem","position":2,"name":"\u00fcber-uns"}]},{"@type":"WebSite","@id":"https:\/\/forum.schreiner-group.com\/de\/#website","url":"https:\/\/forum.schreiner-group.com\/de\/","name":"Schreiner Group Forum","description":"","potentialAction":[{"@type":"SearchAction","target":{"@type":"EntryPoint","urlTemplate":"https:\/\/forum.schreiner-group.com\/de\/?s={search_term_string}"},"query-input":{"@type":"PropertyValueSpecification","valueRequired":true,"valueName":"search_term_string"}}],"inLanguage":"de"}]}},"_links":{"self":[{"href":"https:\/\/forum.schreiner-group.com\/de\/wp-json\/wp\/v2\/pages\/812","targetHints":{"allow":["GET"]}}],"collection":[{"href":"https:\/\/forum.schreiner-group.com\/de\/wp-json\/wp\/v2\/pages"}],"about":[{"href":"https:\/\/forum.schreiner-group.com\/de\/wp-json\/wp\/v2\/types\/page"}],"author":[{"embeddable":true,"href":"https:\/\/forum.schreiner-group.com\/de\/wp-json\/wp\/v2\/users\/1"}],"replies":[{"embeddable":true,"href":"https:\/\/forum.schreiner-group.com\/de\/wp-json\/wp\/v2\/comments?post=812"}],"version-history":[{"count":30,"href":"https:\/\/forum.schreiner-group.com\/de\/wp-json\/wp\/v2\/pages\/812\/revisions"}],"predecessor-version":[{"id":15277,"href":"https:\/\/forum.schreiner-group.com\/de\/wp-json\/wp\/v2\/pages\/812\/revisions\/15277"}],"wp:attachment":[{"href":"https:\/\/forum.schreiner-group.com\/de\/wp-json\/wp\/v2\/media?parent=812"}],"curies":[{"name":"wp","href":"https:\/\/api.w.org\/{rel}","templated":true}]}}